{"id":76,"date":"2017-11-26T08:50:16","date_gmt":"2017-11-26T08:50:16","guid":{"rendered":"http:\/\/wp.bike-montagestaender.de\/?page_id=76"},"modified":"2019-01-04T19:16:16","modified_gmt":"2019-01-04T19:16:16","slug":"wir-stellen-uns-vor","status":"publish","type":"page","link":"https:\/\/www.bike-montagestaender.de\/?page_id=76","title":{"rendered":"Wir stellen uns vor"},"content":{"rendered":"<h4>Wer ist SRW Maschinenbau?<\/h4>\n<p>Die Firma SRW Maschinenbau hat sich auf Hubtechnik in Sachen Bike und Montagel\u00f6sungen spezialisiert. Wir bieten in unserem Sortiment individuelle L\u00f6sungen von Hubsystemen an. Egal ob manuell oder elektrisch, wir haben den passenden Montagest\u00e4nder f\u00fcr Ihr Unternehmen.<br \/>\nAuch Sonderanfertigungen f\u00fcr Ihren Montagest\u00e4nder k\u00f6nnen wir bearbeiten!<br \/>\nNehmen Sie <a href=\"http:\/\/www.bike-montagestaender.de\/?page_id=147\" rel=\"noopener\">Kontakt<\/a> mit unserem Team auf, wir freuen uns Ihre Anfrage.<\/p>\n<h4>Qualit\u00e4t und Standards<\/h4>\n<p>Wir fertigen unsere Produkte mit h\u00f6chster Sorgfalt in unserem Unternehmen. Von der Planung \u00fcber die Fertigung und der Montage alles aus einer Hand, so gew\u00e4hrleisten wir einen hohen Standard.<br \/>\nMit unserer Erfahrungen seit mehr als 10 Jahren in der Bike Branche profitieren Sie durch unser Produkt.<\/p>\n<h4>Unsere St\u00e4rken f\u00fcr Ihren Erfolg in der Montage sind&#8230;<\/h4>\n<ul>\n<li>Fertigung in Deutschland<\/li>\n<li>Wertigkeit und Nachhaltige Produkte<\/li>\n<li>Ersatzteilgarantie durch Industriestandards<\/li>\n<li>Schnelle Lieferzeiten auch bei Sonderteilen<\/li>\n<li>Regionaler Partner<\/li>\n<\/ul>\n<h4>Richtlinien \/ Gebrauchsmuster<\/h4>\n<p>Maschinenrichtlinie 2006 \/ 42 \/ EG<br \/>\nProdukte sind Gebrauchsmuster gesch\u00fctzt<\/p>\n","protected":false},"excerpt":{"rendered":"<p>Wer ist SRW Maschinenbau? Die Firma SRW Maschinenbau hat sich auf Hubtechnik in Sachen Bike und Montagel\u00f6sungen spezialisiert. Wir bieten in unserem [&hellip;]<\/p>\n","protected":false},"author":1,"featured_media":0,"parent":0,"menu_order":0,"comment_status":"closed","ping_status":"closed","template":"","meta":{"footnotes":""},"class_list":["post-76","page","type-page","status-publish","hentry"],"_links":{"self":[{"href":"https:\/\/www.bike-montagestaender.de\/index.php?rest_route=\/wp\/v2\/pages\/76","targetHints":{"allow":["GET"]}}],"collection":[{"href":"https:\/\/www.bike-montagestaender.de\/index.php?rest_route=\/wp\/v2\/pages"}],"about":[{"href":"https:\/\/www.bike-montagestaender.de\/index.php?rest_route=\/wp\/v2\/types\/page"}],"author":[{"embeddable":true,"href":"https:\/\/www.bike-montagestaender.de\/index.php?rest_route=\/wp\/v2\/users\/1"}],"replies":[{"embeddable":true,"href":"https:\/\/www.bike-montagestaender.de\/index.php?rest_route=%2Fwp%2Fv2%2Fcomments&post=76"}],"version-history":[{"count":9,"href":"https:\/\/www.bike-montagestaender.de\/index.php?rest_route=\/wp\/v2\/pages\/76\/revisions"}],"predecessor-version":[{"id":234,"href":"https:\/\/www.bike-montagestaender.de\/index.php?rest_route=\/wp\/v2\/pages\/76\/revisions\/234"}],"wp:attachment":[{"href":"https:\/\/www.bike-montagestaender.de\/index.php?rest_route=%2Fwp%2Fv2%2Fmedia&parent=76"}],"curies":[{"name":"wp","href":"https:\/\/api.w.org\/{rel}","templated":true}]}}