{"id":41,"date":"2017-11-25T18:32:27","date_gmt":"2017-11-25T18:32:27","guid":{"rendered":"http:\/\/wp.bike-montagestaender.de\/?page_id=41"},"modified":"2017-11-27T17:49:48","modified_gmt":"2017-11-27T17:49:48","slug":"startseite","status":"publish","type":"page","link":"https:\/\/www.bike-montagestaender.de\/","title":{"rendered":"Willkommen bei SRW Maschinenbau"},"content":{"rendered":"<h4><a href=\"http:\/\/www.bike-montagestaender.de\/?page_id=82\"><img fetchpriority=\"high\" decoding=\"async\" class=\"alignright wp-image-86\" src=\"http:\/\/wp.bike-montagestaender.de\/wp-content\/uploads\/2017\/11\/p1-151x300.jpg\" alt=\"\" width=\"200\" height=\"396\" srcset=\"https:\/\/www.bike-montagestaender.de\/wp-content\/uploads\/2017\/11\/p1-151x300.jpg 151w, https:\/\/www.bike-montagestaender.de\/wp-content\/uploads\/2017\/11\/p1-230x456.jpg 230w, https:\/\/www.bike-montagestaender.de\/wp-content\/uploads\/2017\/11\/p1-350x694.jpg 350w, https:\/\/www.bike-montagestaender.de\/wp-content\/uploads\/2017\/11\/p1.jpg 454w\" sizes=\"(max-width: 200px) 100vw, 200px\" \/><\/a><\/h4>\n<h4>Wer ist SRW Maschinenbau?<\/h4>\n<p>Die Firma SRW Maschinenbau hat sich auf Hubtechnik in Sachen Bike und Montagel\u00f6sungen spezialisiert. Wir bieten in unserem Sortiment individuelle L\u00f6sungen von Hubsystemen an. Egal ob manuell oder elektrisch, wir haben den passenden Montagest\u00e4nder f\u00fcr Ihr Unternehmen.<br \/>\nAuch Sonderanfertigungen f\u00fcr Ihren Montagest\u00e4nder k\u00f6nnen wir bearbeiten!<br \/>\nNehmen Sie <a href=\"http:\/\/www.bike-montagestaender.de\/?page_id=147\">Kontakt<\/a> mit unserem Team auf, wir freuen uns Ihre Anfrage.<\/p>\n<p><a href=\"http:\/\/www.bike-montagestaender.de\/?page_id=76\">&#8230; mehr zu SRW Maschinenbau<\/a><\/p>\n","protected":false},"excerpt":{"rendered":"<p>Wer ist SRW Maschinenbau? Die Firma SRW Maschinenbau hat sich auf Hubtechnik in Sachen Bike und Montagel\u00f6sungen spezialisiert. Wir bieten in unserem [&hellip;]<\/p>\n","protected":false},"author":1,"featured_media":0,"parent":0,"menu_order":0,"comment_status":"closed","ping_status":"closed","template":"","meta":{"footnotes":""},"class_list":["post-41","page","type-page","status-publish","hentry"],"_links":{"self":[{"href":"https:\/\/www.bike-montagestaender.de\/index.php?rest_route=\/wp\/v2\/pages\/41","targetHints":{"allow":["GET"]}}],"collection":[{"href":"https:\/\/www.bike-montagestaender.de\/index.php?rest_route=\/wp\/v2\/pages"}],"about":[{"href":"https:\/\/www.bike-montagestaender.de\/index.php?rest_route=\/wp\/v2\/types\/page"}],"author":[{"embeddable":true,"href":"https:\/\/www.bike-montagestaender.de\/index.php?rest_route=\/wp\/v2\/users\/1"}],"replies":[{"embeddable":true,"href":"https:\/\/www.bike-montagestaender.de\/index.php?rest_route=%2Fwp%2Fv2%2Fcomments&post=41"}],"version-history":[{"count":16,"href":"https:\/\/www.bike-montagestaender.de\/index.php?rest_route=\/wp\/v2\/pages\/41\/revisions"}],"predecessor-version":[{"id":233,"href":"https:\/\/www.bike-montagestaender.de\/index.php?rest_route=\/wp\/v2\/pages\/41\/revisions\/233"}],"wp:attachment":[{"href":"https:\/\/www.bike-montagestaender.de\/index.php?rest_route=%2Fwp%2Fv2%2Fmedia&parent=41"}],"curies":[{"name":"wp","href":"https:\/\/api.w.org\/{rel}","templated":true}]}}